{"id":997,"date":"2023-10-21T10:03:16","date_gmt":"2023-10-21T10:03:16","guid":{"rendered":"https:\/\/www.rynecook.com\/?page_id=997"},"modified":"2023-10-22T10:24:29","modified_gmt":"2023-10-22T10:24:29","slug":"professional-content-creation","status":"publish","type":"page","link":"https:\/\/www.rynecook.com\/de\/professional-content-creation\/","title":{"rendered":"Professionelle Inhaltserstellung"},"content":{"rendered":"<div class=\"wp-block-uagb-container uagb-block-597bd037 alignfull uagb-is-root-container\">\n<div class=\"wp-block-uagb-container uagb-block-09bfd5f3\"><h2 style=\"padding-top:4em;padding-bottom:4em;\" class=\"has-text-align-center wp-block-post-title\">Professionelle Inhaltserstellung<\/h2><\/div>\n\n\n\n<div class=\"wp-block-uagb-container uagb-block-7a72dd1e\">\n<div data-aos= \"slide-up\" data-aos-duration=\"400\" data-aos-delay=\"0\" data-aos-easing=\"ease\" data-aos-once=\"true\" class=\"wp-block-uagb-call-to-action uagb-block-e348617c wp-block-button\"><div class=\"uagb-cta__wrap\"><h3 class=\"uagb-cta__title\">Lass uns deine Vision verwirklichen.<\/h3><p class=\"uagb-cta__desc\">Inhaltserstellung ist ein wesentlicher Bestandteil moderner Marketingstrategien. Gestochen scharfe Bilder, ansprechende Videos und eine starke Pr\u00e4senz in den sozialen Medien sind f\u00fcr den Ausbau sowie die Aufrechterhaltung des Markenbewusstseins auf dem heutigen Markt von entscheidender Bedeutung. Du wei\u00dft schon, was du brauchst? Setze dich noch heute mit mir in Verbindung, damit wir deine Visionen in die Tat umsetzen k\u00f6nnen.<\/p><\/div><div class=\"uagb-cta__buttons\"><a href=\"#contact\" class=\"uagb-cta__button-link-wrapper wp-block-button__link\" target=\"_self\" rel=\"noopener noreferrer\">Lass uns reden<\/a><\/div><\/div>\n<\/div>\n\n\n\n<div class=\"wp-block-uagb-container uagb-block-c07722c6\"><div class=\"uagb-container__shape uagb-container__shape-top\"><svg xmlns=\"https:\/\/www.w3.org\/2000\/svg\" viewbox=\"0 0 1000 100\" preserveaspectratio=\"none\"><path class=\"uagb-container__shape-fill\" d=\"M500,98.9L0,6.1V0h1000v6.1L500,98.9z\"><\/path><\/svg><\/div>\n<div class=\"wp-block-uagb-advanced-heading uagb-block-7d58c15b\"><p class=\"uagb-desc-text\">\u00dcberblick<\/p><h2 class=\"uagb-heading-text\">Inhaltserstellung<\/h2><\/div>\n<\/div>\n\n\n\n<div class=\"wp-block-uagb-container uagb-block-3b38b4ba\">\n<div class=\"wp-block-uagb-container uagb-block-0f49bc16\">\n<div data-aos= \"slide-right\" data-aos-duration=\"400\" data-aos-delay=\"0\" data-aos-easing=\"ease\" data-aos-once=\"true\" class=\"wp-block-uagb-call-to-action uagb-block-8c450c95\"><div class=\"uagb-cta__wrap\"><h3 class=\"uagb-cta__title\">Social-Media<\/h3><p class=\"uagb-cta__desc\">Spannende Beitr\u00e4ge und Videos.<\/p><\/div><div class=\"uagb-cta__buttons\"><\/div><\/div>\n<\/div>\n\n\n\n<div class=\"wp-block-uagb-container uagb-block-d0df294f\">\n<div data-aos= \"slide-left\" data-aos-duration=\"400\" data-aos-delay=\"0\" data-aos-easing=\"ease\" data-aos-once=\"true\" class=\"wp-block-uagb-image aligncenter uagb-block-afce8b0e wp-block-uagb-image--layout-default wp-block-uagb-image--effect-static wp-block-uagb-image--align-center\"><figure class=\"wp-block-uagb-image__figure\"><img decoding=\"async\" data-srcset=\"https:\/\/www.rynecook.com\/wp-content\/uploads\/2023\/10\/Smartphones-Social-Media-Examples.png ,https:\/\/www.rynecook.com\/wp-content\/uploads\/2023\/10\/Smartphones-Social-Media-Examples.png 780w, https:\/\/www.rynecook.com\/wp-content\/uploads\/2023\/10\/Smartphones-Social-Media-Examples.png 360w\" data-sizes=\"auto, (max-width: 480px) 150px\" data-src=\"https:\/\/www.rynecook.com\/wp-content\/uploads\/2023\/10\/Smartphones-Social-Media-Examples.png\" alt=\"\" class=\"uag-image-1044 lazyload\" width=\"1920\" height=\"1080\" title=\"\" loading=\"lazy\" src=\"data:image\/gif;base64,R0lGODlhAQABAAAAACH5BAEKAAEALAAAAAABAAEAAAICTAEAOw==\" style=\"--smush-placeholder-width: 1920px; --smush-placeholder-aspect-ratio: 1920\/1080;\" \/><noscript><img decoding=\"async\" srcset=\"https:\/\/www.rynecook.com\/wp-content\/uploads\/2023\/10\/Smartphones-Social-Media-Examples.png ,https:\/\/www.rynecook.com\/wp-content\/uploads\/2023\/10\/Smartphones-Social-Media-Examples.png 780w, https:\/\/www.rynecook.com\/wp-content\/uploads\/2023\/10\/Smartphones-Social-Media-Examples.png 360w\" sizes=\"auto, (max-width: 480px) 150px\" src=\"https:\/\/www.rynecook.com\/wp-content\/uploads\/2023\/10\/Smartphones-Social-Media-Examples.png\" alt=\"\" class=\"uag-image-1044\" width=\"1920\" height=\"1080\" title=\"\" loading=\"lazy\"\/><\/noscript><\/figure><\/div>\n<\/div>\n<\/div>\n\n\n\n<div class=\"wp-block-uagb-container uagb-block-f2305e1b\">\n<div data-aos= \"zoom-in-down\" data-aos-duration=\"400\" data-aos-delay=\"0\" data-aos-easing=\"ease\" data-aos-once=\"true\" class=\"wp-block-uagb-call-to-action uagb-block-ee6e3a8d\"><div class=\"uagb-cta__wrap\"><h3 class=\"uagb-cta__title\">Fotografie<\/h3><p class=\"uagb-cta__desc\">Inspirierende Bilder.<\/p><\/div><div class=\"uagb-cta__buttons\"><\/div><\/div>\n\n\n\t\t\t\t\t<div\n\t\t\t\t\t\tclass=\"wp-block-uagb-image-gallery uagb-block-db875b88\"\n\t\t\t\t\t\tstyle=\"\"\n\t\t\t\t\t>\n\t\t\t\t\t\t\t\t\t\t\t<div class=\"spectra-image-gallery spectra-image-gallery__layout--grid spectra-image-gallery__layout--grid-col-5 spectra-image-gallery__layout--grid-col-tab-5 spectra-image-gallery__layout--grid-col-mob-2\">\n\t\t\t\t\t\t\t\t\t\t\t<div class='spectra-image-gallery__media-wrapper' data-spectra-gallery-image-id='1010' tabindex=\"0\">\n\t\t\t\t\t\t\t<div class=\"spectra-image-gallery__media spectra-image-gallery__media--grid\">\n\t\t\t\t<picture>\n\t\t\t\t\t<source media=\"(min-width: 1024px)\" data-srcset=\"https:\/\/www.rynecook.com\/wp-content\/uploads\/2023\/10\/Luenersee-Austria-scaled.jpg\">\n\t\t\t\t\t<source media=\"(min-width: 768px)\" data-srcset=\"https:\/\/www.rynecook.com\/wp-content\/uploads\/2023\/10\/Luenersee-Austria-scaled.jpg\">\n\t\t\t\t\t<img decoding=\"async\" class=\"spectra-image-gallery__media-thumbnail spectra-image-gallery__media-thumbnail--grid lazyload\" data-src=\"https:\/\/www.rynecook.com\/wp-content\/uploads\/2023\/10\/Luenersee-Austria-scaled.jpg\" alt=\"Frau mit rotem Rucksack sitzt vor dem L\u00fcnersee in \u00d6sterreich\" loading=\"lazy\" src=\"data:image\/gif;base64,R0lGODlhAQABAAAAACH5BAEKAAEALAAAAAABAAEAAAICTAEAOw==\" style=\"--smush-placeholder-width: 1920px; --smush-placeholder-aspect-ratio: 1920\/2560;\" \/><noscript><img decoding=\"async\" class=\"spectra-image-gallery__media-thumbnail spectra-image-gallery__media-thumbnail--grid\" src=\"https:\/\/www.rynecook.com\/wp-content\/uploads\/2023\/10\/Luenersee-Austria-scaled.jpg\" alt=\"Frau mit rotem Rucksack sitzt vor dem L\u00fcnersee in \u00d6sterreich\" loading=\"lazy\" \/><\/noscript>\n\t\t\t\t<\/picture>\n\t\t\t\t<div class=\"spectra-image-gallery__media-thumbnail-blurrer\"><\/div>\n\t\t\t\t\t\t\t\t\t\t\t<div class=\"spectra-image-gallery__media-thumbnail-caption-wrapper spectra-image-gallery__media-thumbnail-caption-wrapper--overlay\"><\/div>\n\t\t\t\t\t\t\t\t<\/div>\n\t\t\t\t\t\t<\/div>\n\t\t\t\t\t\t<div class='spectra-image-gallery__media-wrapper' data-spectra-gallery-image-id='1016' tabindex=\"0\">\n\t\t\t\t\t\t\t<div class=\"spectra-image-gallery__media spectra-image-gallery__media--grid\">\n\t\t\t\t<picture>\n\t\t\t\t\t<source media=\"(min-width: 1024px)\" data-srcset=\"https:\/\/www.rynecook.com\/wp-content\/uploads\/2023\/10\/Boardwalk-Trail-New-Zealand-\u00a9-ryne-cook-scaled.jpg\">\n\t\t\t\t\t<source media=\"(min-width: 768px)\" data-srcset=\"https:\/\/www.rynecook.com\/wp-content\/uploads\/2023\/10\/Boardwalk-Trail-New-Zealand-\u00a9-ryne-cook-scaled.jpg\">\n\t\t\t\t\t<img decoding=\"async\" class=\"spectra-image-gallery__media-thumbnail spectra-image-gallery__media-thumbnail--grid lazyload\" data-src=\"https:\/\/www.rynecook.com\/wp-content\/uploads\/2023\/10\/Boardwalk-Trail-New-Zealand-\u00a9-ryne-cook-scaled.jpg\" alt=\"Wooden boardwalk surrounded by lush rainforest in New Zealand\" loading=\"lazy\" src=\"data:image\/gif;base64,R0lGODlhAQABAAAAACH5BAEKAAEALAAAAAABAAEAAAICTAEAOw==\" style=\"--smush-placeholder-width: 2048px; --smush-placeholder-aspect-ratio: 2048\/2560;\" \/><noscript><img decoding=\"async\" class=\"spectra-image-gallery__media-thumbnail spectra-image-gallery__media-thumbnail--grid\" src=\"https:\/\/www.rynecook.com\/wp-content\/uploads\/2023\/10\/Boardwalk-Trail-New-Zealand-\u00a9-ryne-cook-scaled.jpg\" alt=\"Wooden boardwalk surrounded by lush rainforest in New Zealand\" loading=\"lazy\" \/><\/noscript>\n\t\t\t\t<\/picture>\n\t\t\t\t<div class=\"spectra-image-gallery__media-thumbnail-blurrer\"><\/div>\n\t\t\t\t\t\t\t\t\t\t\t<div class=\"spectra-image-gallery__media-thumbnail-caption-wrapper spectra-image-gallery__media-thumbnail-caption-wrapper--overlay\"><\/div>\n\t\t\t\t\t\t\t\t<\/div>\n\t\t\t\t\t\t<\/div>\n\t\t\t\t\t\t<div class='spectra-image-gallery__media-wrapper' data-spectra-gallery-image-id='1011' tabindex=\"0\">\n\t\t\t\t\t\t\t<div class=\"spectra-image-gallery__media spectra-image-gallery__media--grid\">\n\t\t\t\t<picture>\n\t\t\t\t\t<source media=\"(min-width: 1024px)\" data-srcset=\"https:\/\/www.rynecook.com\/wp-content\/uploads\/2023\/10\/Monument-Rocks-Kansas-\u00a9-ryne-cook-scaled.jpg\">\n\t\t\t\t\t<source media=\"(min-width: 768px)\" data-srcset=\"https:\/\/www.rynecook.com\/wp-content\/uploads\/2023\/10\/Monument-Rocks-Kansas-\u00a9-ryne-cook-scaled.jpg\">\n\t\t\t\t\t<img decoding=\"async\" class=\"spectra-image-gallery__media-thumbnail spectra-image-gallery__media-thumbnail--grid lazyload\" data-src=\"https:\/\/www.rynecook.com\/wp-content\/uploads\/2023\/10\/Monument-Rocks-Kansas-\u00a9-ryne-cook-scaled.jpg\" alt=\"Couple standing in opening of Monument Rocks, Kansas during sunset\" loading=\"lazy\" src=\"data:image\/gif;base64,R0lGODlhAQABAAAAACH5BAEKAAEALAAAAAABAAEAAAICTAEAOw==\" style=\"--smush-placeholder-width: 2560px; --smush-placeholder-aspect-ratio: 2560\/1440;\" \/><noscript><img decoding=\"async\" class=\"spectra-image-gallery__media-thumbnail spectra-image-gallery__media-thumbnail--grid\" src=\"https:\/\/www.rynecook.com\/wp-content\/uploads\/2023\/10\/Monument-Rocks-Kansas-\u00a9-ryne-cook-scaled.jpg\" alt=\"Couple standing in opening of Monument Rocks, Kansas during sunset\" loading=\"lazy\" \/><\/noscript>\n\t\t\t\t<\/picture>\n\t\t\t\t<div class=\"spectra-image-gallery__media-thumbnail-blurrer\"><\/div>\n\t\t\t\t\t\t\t\t\t\t\t<div class=\"spectra-image-gallery__media-thumbnail-caption-wrapper spectra-image-gallery__media-thumbnail-caption-wrapper--overlay\"><\/div>\n\t\t\t\t\t\t\t\t<\/div>\n\t\t\t\t\t\t<\/div>\n\t\t\t\t\t\t<div class='spectra-image-gallery__media-wrapper' data-spectra-gallery-image-id='1017' tabindex=\"0\">\n\t\t\t\t\t\t\t<div class=\"spectra-image-gallery__media spectra-image-gallery__media--grid\">\n\t\t\t\t<picture>\n\t\t\t\t\t<source media=\"(min-width: 1024px)\" data-srcset=\"https:\/\/www.rynecook.com\/wp-content\/uploads\/2023\/10\/Burg-Stahleck-Germany-\u00a9-ryne-cook.jpg\">\n\t\t\t\t\t<source media=\"(min-width: 768px)\" data-srcset=\"https:\/\/www.rynecook.com\/wp-content\/uploads\/2023\/10\/Burg-Stahleck-Germany-\u00a9-ryne-cook.jpg\">\n\t\t\t\t\t<img decoding=\"async\" class=\"spectra-image-gallery__media-thumbnail spectra-image-gallery__media-thumbnail--grid lazyload\" data-src=\"https:\/\/www.rynecook.com\/wp-content\/uploads\/2023\/10\/Burg-Stahleck-Germany-\u00a9-ryne-cook.jpg\" alt=\"Luftaufnahme von Burg Stahleck mit P\u00e4rchen auf dem Zuweg und Rhein im Hintergrund\" loading=\"lazy\" src=\"data:image\/gif;base64,R0lGODlhAQABAAAAACH5BAEKAAEALAAAAAABAAEAAAICTAEAOw==\" style=\"--smush-placeholder-width: 1246px; --smush-placeholder-aspect-ratio: 1246\/2216;\" \/><noscript><img decoding=\"async\" class=\"spectra-image-gallery__media-thumbnail spectra-image-gallery__media-thumbnail--grid\" src=\"https:\/\/www.rynecook.com\/wp-content\/uploads\/2023\/10\/Burg-Stahleck-Germany-\u00a9-ryne-cook.jpg\" alt=\"Luftaufnahme von Burg Stahleck mit P\u00e4rchen auf dem Zuweg und Rhein im Hintergrund\" loading=\"lazy\" \/><\/noscript>\n\t\t\t\t<\/picture>\n\t\t\t\t<div class=\"spectra-image-gallery__media-thumbnail-blurrer\"><\/div>\n\t\t\t\t\t\t\t\t\t\t\t<div class=\"spectra-image-gallery__media-thumbnail-caption-wrapper spectra-image-gallery__media-thumbnail-caption-wrapper--overlay\"><\/div>\n\t\t\t\t\t\t\t\t<\/div>\n\t\t\t\t\t\t<\/div>\n\t\t\t\t\t\t<div class='spectra-image-gallery__media-wrapper' data-spectra-gallery-image-id='1015' tabindex=\"0\">\n\t\t\t\t\t\t\t<div class=\"spectra-image-gallery__media spectra-image-gallery__media--grid\">\n\t\t\t\t<picture>\n\t\t\t\t\t<source media=\"(min-width: 1024px)\" data-srcset=\"https:\/\/www.rynecook.com\/wp-content\/uploads\/2023\/10\/Altschlossfelsen-Germany-\u00a9-ryne-cook-scaled.jpg\">\n\t\t\t\t\t<source media=\"(min-width: 768px)\" data-srcset=\"https:\/\/www.rynecook.com\/wp-content\/uploads\/2023\/10\/Altschlossfelsen-Germany-\u00a9-ryne-cook-scaled.jpg\">\n\t\t\t\t\t<img decoding=\"async\" class=\"spectra-image-gallery__media-thumbnail spectra-image-gallery__media-thumbnail--grid lazyload\" data-src=\"https:\/\/www.rynecook.com\/wp-content\/uploads\/2023\/10\/Altschlossfelsen-Germany-\u00a9-ryne-cook-scaled.jpg\" alt=\"Sonnenlicht trift Frau in \u00d6ffnung der Altschlossfelsen in Rheinland-Pfalz\" loading=\"lazy\" src=\"data:image\/gif;base64,R0lGODlhAQABAAAAACH5BAEKAAEALAAAAAABAAEAAAICTAEAOw==\" style=\"--smush-placeholder-width: 1920px; --smush-placeholder-aspect-ratio: 1920\/2560;\" \/><noscript><img decoding=\"async\" class=\"spectra-image-gallery__media-thumbnail spectra-image-gallery__media-thumbnail--grid\" src=\"https:\/\/www.rynecook.com\/wp-content\/uploads\/2023\/10\/Altschlossfelsen-Germany-\u00a9-ryne-cook-scaled.jpg\" alt=\"Sonnenlicht trift Frau in \u00d6ffnung der Altschlossfelsen in Rheinland-Pfalz\" loading=\"lazy\" \/><\/noscript>\n\t\t\t\t<\/picture>\n\t\t\t\t<div class=\"spectra-image-gallery__media-thumbnail-blurrer\"><\/div>\n\t\t\t\t\t\t\t\t\t\t\t<div class=\"spectra-image-gallery__media-thumbnail-caption-wrapper spectra-image-gallery__media-thumbnail-caption-wrapper--overlay\"><\/div>\n\t\t\t\t\t\t\t\t<\/div>\n\t\t\t\t\t\t<\/div>\n\t\t\t\t\t\t<div class='spectra-image-gallery__media-wrapper' data-spectra-gallery-image-id='1013' tabindex=\"0\">\n\t\t\t\t\t\t\t<div class=\"spectra-image-gallery__media spectra-image-gallery__media--grid\">\n\t\t\t\t<picture>\n\t\t\t\t\t<source media=\"(min-width: 1024px)\" data-srcset=\"https:\/\/www.rynecook.com\/wp-content\/uploads\/2023\/10\/Seealpsee-Switzerland-\u00a9-ryne-cook-scaled.jpg\">\n\t\t\t\t\t<source media=\"(min-width: 768px)\" data-srcset=\"https:\/\/www.rynecook.com\/wp-content\/uploads\/2023\/10\/Seealpsee-Switzerland-\u00a9-ryne-cook-scaled.jpg\">\n\t\t\t\t\t<img decoding=\"async\" class=\"spectra-image-gallery__media-thumbnail spectra-image-gallery__media-thumbnail--grid lazyload\" data-src=\"https:\/\/www.rynecook.com\/wp-content\/uploads\/2023\/10\/Seealpsee-Switzerland-\u00a9-ryne-cook-scaled.jpg\" alt=\"P\u00e4rchen h\u00e4lt H\u00e4nde und steht vor dem Seealpsee in der Schweiz\" loading=\"lazy\" src=\"data:image\/gif;base64,R0lGODlhAQABAAAAACH5BAEKAAEALAAAAAABAAEAAAICTAEAOw==\" style=\"--smush-placeholder-width: 2560px; --smush-placeholder-aspect-ratio: 2560\/1920;\" \/><noscript><img decoding=\"async\" class=\"spectra-image-gallery__media-thumbnail spectra-image-gallery__media-thumbnail--grid\" src=\"https:\/\/www.rynecook.com\/wp-content\/uploads\/2023\/10\/Seealpsee-Switzerland-\u00a9-ryne-cook-scaled.jpg\" alt=\"P\u00e4rchen h\u00e4lt H\u00e4nde und steht vor dem Seealpsee in der Schweiz\" loading=\"lazy\" \/><\/noscript>\n\t\t\t\t<\/picture>\n\t\t\t\t<div class=\"spectra-image-gallery__media-thumbnail-blurrer\"><\/div>\n\t\t\t\t\t\t\t\t\t\t\t<div class=\"spectra-image-gallery__media-thumbnail-caption-wrapper spectra-image-gallery__media-thumbnail-caption-wrapper--overlay\"><\/div>\n\t\t\t\t\t\t\t\t<\/div>\n\t\t\t\t\t\t<\/div>\n\t\t\t\t\t\t<div class='spectra-image-gallery__media-wrapper' data-spectra-gallery-image-id='1018' tabindex=\"0\">\n\t\t\t\t\t\t\t<div class=\"spectra-image-gallery__media spectra-image-gallery__media--grid\">\n\t\t\t\t<picture>\n\t\t\t\t\t<source media=\"(min-width: 1024px)\" data-srcset=\"https:\/\/www.rynecook.com\/wp-content\/uploads\/2023\/10\/Clock-Tower-in-Lake-Curon-Italy-\u00a9-ryne-cook.jpg\">\n\t\t\t\t\t<source media=\"(min-width: 768px)\" data-srcset=\"https:\/\/www.rynecook.com\/wp-content\/uploads\/2023\/10\/Clock-Tower-in-Lake-Curon-Italy-\u00a9-ryne-cook.jpg\">\n\t\t\t\t\t<img decoding=\"async\" class=\"spectra-image-gallery__media-thumbnail spectra-image-gallery__media-thumbnail--grid lazyload\" data-src=\"https:\/\/www.rynecook.com\/wp-content\/uploads\/2023\/10\/Clock-Tower-in-Lake-Curon-Italy-\u00a9-ryne-cook.jpg\" alt=\"Luftaufnahme vom Turm im See in Grainau, Italien\" loading=\"lazy\" src=\"data:image\/gif;base64,R0lGODlhAQABAAAAACH5BAEKAAEALAAAAAABAAEAAAICTAEAOw==\" style=\"--smush-placeholder-width: 1194px; --smush-placeholder-aspect-ratio: 1194\/2123;\" \/><noscript><img decoding=\"async\" class=\"spectra-image-gallery__media-thumbnail spectra-image-gallery__media-thumbnail--grid\" src=\"https:\/\/www.rynecook.com\/wp-content\/uploads\/2023\/10\/Clock-Tower-in-Lake-Curon-Italy-\u00a9-ryne-cook.jpg\" alt=\"Luftaufnahme vom Turm im See in Grainau, Italien\" loading=\"lazy\" \/><\/noscript>\n\t\t\t\t<\/picture>\n\t\t\t\t<div class=\"spectra-image-gallery__media-thumbnail-blurrer\"><\/div>\n\t\t\t\t\t\t\t\t\t\t\t<div class=\"spectra-image-gallery__media-thumbnail-caption-wrapper spectra-image-gallery__media-thumbnail-caption-wrapper--overlay\"><\/div>\n\t\t\t\t\t\t\t\t<\/div>\n\t\t\t\t\t\t<\/div>\n\t\t\t\t\t\t<div class='spectra-image-gallery__media-wrapper' data-spectra-gallery-image-id='1012' tabindex=\"0\">\n\t\t\t\t\t\t\t<div class=\"spectra-image-gallery__media spectra-image-gallery__media--grid\">\n\t\t\t\t<picture>\n\t\t\t\t\t<source media=\"(min-width: 1024px)\" data-srcset=\"https:\/\/www.rynecook.com\/wp-content\/uploads\/2023\/10\/Roadsurfer-in-Spain-\u00a9-ryne-cook-scaled.jpg\">\n\t\t\t\t\t<source media=\"(min-width: 768px)\" data-srcset=\"https:\/\/www.rynecook.com\/wp-content\/uploads\/2023\/10\/Roadsurfer-in-Spain-\u00a9-ryne-cook-scaled.jpg\">\n\t\t\t\t\t<img decoding=\"async\" class=\"spectra-image-gallery__media-thumbnail spectra-image-gallery__media-thumbnail--grid lazyload\" data-src=\"https:\/\/www.rynecook.com\/wp-content\/uploads\/2023\/10\/Roadsurfer-in-Spain-\u00a9-ryne-cook-scaled.jpg\" alt=\"Roadsurfer Campervan steht in den Bergen in Spanien\" loading=\"lazy\" src=\"data:image\/gif;base64,R0lGODlhAQABAAAAACH5BAEKAAEALAAAAAABAAEAAAICTAEAOw==\" style=\"--smush-placeholder-width: 2560px; --smush-placeholder-aspect-ratio: 2560\/1440;\" \/><noscript><img decoding=\"async\" class=\"spectra-image-gallery__media-thumbnail spectra-image-gallery__media-thumbnail--grid\" src=\"https:\/\/www.rynecook.com\/wp-content\/uploads\/2023\/10\/Roadsurfer-in-Spain-\u00a9-ryne-cook-scaled.jpg\" alt=\"Roadsurfer Campervan steht in den Bergen in Spanien\" loading=\"lazy\" \/><\/noscript>\n\t\t\t\t<\/picture>\n\t\t\t\t<div class=\"spectra-image-gallery__media-thumbnail-blurrer\"><\/div>\n\t\t\t\t\t\t\t\t\t\t\t<div class=\"spectra-image-gallery__media-thumbnail-caption-wrapper spectra-image-gallery__media-thumbnail-caption-wrapper--overlay\"><\/div>\n\t\t\t\t\t\t\t\t<\/div>\n\t\t\t\t\t\t<\/div>\n\t\t\t\t\t\t<div class='spectra-image-gallery__media-wrapper' data-spectra-gallery-image-id='1014' tabindex=\"0\">\n\t\t\t\t\t\t\t<div class=\"spectra-image-gallery__media spectra-image-gallery__media--grid\">\n\t\t\t\t<picture>\n\t\t\t\t\t<source media=\"(min-width: 1024px)\" data-srcset=\"https:\/\/www.rynecook.com\/wp-content\/uploads\/2023\/10\/Woman-with-Map-\u00a9-ryne-cook-scaled.jpg\">\n\t\t\t\t\t<source media=\"(min-width: 768px)\" data-srcset=\"https:\/\/www.rynecook.com\/wp-content\/uploads\/2023\/10\/Woman-with-Map-\u00a9-ryne-cook-scaled.jpg\">\n\t\t\t\t\t<img decoding=\"async\" class=\"spectra-image-gallery__media-thumbnail spectra-image-gallery__media-thumbnail--grid lazyload\" data-src=\"https:\/\/www.rynecook.com\/wp-content\/uploads\/2023\/10\/Woman-with-Map-\u00a9-ryne-cook-scaled.jpg\" alt=\"Frau blickt auf eine Karte vor dem Schloss Stolzenfels in Koblenz, Deutschland\" loading=\"lazy\" src=\"data:image\/gif;base64,R0lGODlhAQABAAAAACH5BAEKAAEALAAAAAABAAEAAAICTAEAOw==\" style=\"--smush-placeholder-width: 2560px; --smush-placeholder-aspect-ratio: 2560\/1920;\" \/><noscript><img decoding=\"async\" class=\"spectra-image-gallery__media-thumbnail spectra-image-gallery__media-thumbnail--grid\" src=\"https:\/\/www.rynecook.com\/wp-content\/uploads\/2023\/10\/Woman-with-Map-\u00a9-ryne-cook-scaled.jpg\" alt=\"Frau blickt auf eine Karte vor dem Schloss Stolzenfels in Koblenz, Deutschland\" loading=\"lazy\" \/><\/noscript>\n\t\t\t\t<\/picture>\n\t\t\t\t<div class=\"spectra-image-gallery__media-thumbnail-blurrer\"><\/div>\n\t\t\t\t\t\t\t\t\t\t\t<div class=\"spectra-image-gallery__media-thumbnail-caption-wrapper spectra-image-gallery__media-thumbnail-caption-wrapper--overlay\"><\/div>\n\t\t\t\t\t\t\t\t<\/div>\n\t\t\t\t\t\t<\/div>\n\t\t\t\t\t\t<div class='spectra-image-gallery__media-wrapper' data-spectra-gallery-image-id='1047' tabindex=\"0\">\n\t\t\t\t\t\t\t<div class=\"spectra-image-gallery__media spectra-image-gallery__media--grid\">\n\t\t\t\t<picture>\n\t\t\t\t\t<source media=\"(min-width: 1024px)\" data-srcset=\"https:\/\/www.rynecook.com\/wp-content\/uploads\/2023\/10\/Ecrins-National-Park-France-scaled.jpg\">\n\t\t\t\t\t<source media=\"(min-width: 768px)\" data-srcset=\"https:\/\/www.rynecook.com\/wp-content\/uploads\/2023\/10\/Ecrins-National-Park-France-scaled.jpg\">\n\t\t\t\t\t<img decoding=\"async\" class=\"spectra-image-gallery__media-thumbnail spectra-image-gallery__media-thumbnail--grid lazyload\" data-src=\"https:\/\/www.rynecook.com\/wp-content\/uploads\/2023\/10\/Ecrins-National-Park-France-scaled.jpg\" alt=\"Luftaufnahme vom Nationalpark Ecrins in Frankreich. Fluss umgeben von B\u00e4umen und Bergen in Herbst\" loading=\"lazy\" src=\"data:image\/gif;base64,R0lGODlhAQABAAAAACH5BAEKAAEALAAAAAABAAEAAAICTAEAOw==\" style=\"--smush-placeholder-width: 2560px; --smush-placeholder-aspect-ratio: 2560\/1440;\" \/><noscript><img decoding=\"async\" class=\"spectra-image-gallery__media-thumbnail spectra-image-gallery__media-thumbnail--grid\" src=\"https:\/\/www.rynecook.com\/wp-content\/uploads\/2023\/10\/Ecrins-National-Park-France-scaled.jpg\" alt=\"Luftaufnahme vom Nationalpark Ecrins in Frankreich. Fluss umgeben von B\u00e4umen und Bergen in Herbst\" loading=\"lazy\" \/><\/noscript>\n\t\t\t\t<\/picture>\n\t\t\t\t<div class=\"spectra-image-gallery__media-thumbnail-blurrer\"><\/div>\n\t\t\t\t\t\t\t\t\t\t\t<div class=\"spectra-image-gallery__media-thumbnail-caption-wrapper spectra-image-gallery__media-thumbnail-caption-wrapper--overlay\"><\/div>\n\t\t\t\t\t\t\t\t<\/div>\n\t\t\t\t\t\t<\/div>\n\t\t\t\t\t\t\t\t\t\t<\/div>\n\t\t\t\t\t\t\t\t\t\t\t\t\t\t\t\t\t\t<\/div>\n\t\t\t\t\t\t\t\t\t<\/div>\n\n\n\n<div class=\"wp-block-uagb-container uagb-block-9e7100ab\"><div class=\"uagb-container__video-wrap\"><video autoplay loop muted playsinline><source src=\"https:\/\/www.rynecook.com\/wp-content\/uploads\/2023\/10\/Drone-Services-Ryne-Cook.mp4\" type=\"video\/mp4\"\/><\/video><\/div>\n<div class=\"wp-block-uagb-call-to-action uagb-block-db6f862b\"><div class=\"uagb-cta__wrap\"><h3 class=\"uagb-cta__title\">Videografie<\/h3><p class=\"uagb-cta__desc\">Fesselnde Filmaufnahmen.<\/p><\/div><div class=\"uagb-cta__buttons\"><\/div><\/div>\n<\/div>\n\n\n\n<div data-aos= \"slide-right\" data-aos-duration=\"400\" data-aos-delay=\"0\" data-aos-easing=\"ease\" data-aos-once=\"true\" class=\"wp-block-uagb-container uagb-block-1a3d0110\">\n<div data-aos= \"slide-left\" data-aos-duration=\"400\" data-aos-delay=\"0\" data-aos-easing=\"ease\" data-aos-once=\"true\" class=\"wp-block-uagb-call-to-action uagb-block-8ad5b415\"><div class=\"uagb-cta__wrap\"><h3 class=\"uagb-cta__title\">Bereit, deine Inhalte aufzupeppen?<\/h3><p class=\"uagb-cta__desc translation-block\">F\u00fclle das untenstehende Kontaktformular f\u00fcr eine <strong>kostenlose Beratung<\/strong> aus!<\/p><\/div><div class=\"uagb-cta__buttons\"><\/div><\/div>\n<\/div>\n\n\n\n<div data-aos= \"fade\" data-aos-duration=\"400\" data-aos-delay=\"0\" data-aos-easing=\"ease\" data-aos-once=\"true\" class=\"wp-block-uagb-container uagb-block-3d5e72fc\"><div class=\"uagb-container__shape uagb-container__shape-top\"><svg xmlns=\"https:\/\/www.w3.org\/2000\/svg\" viewbox=\"0 0 1000 100\" preserveaspectratio=\"none\"><path class=\"uagb-container__shape-fill\" d=\"M500,98.9L0,6.1V0h1000v6.1L500,98.9z\"><\/path><\/svg><\/div><\/div>\n\n\n\n<section id=\"contact\" class=\"wp-block-group has-global-padding is-layout-constrained wp-container-core-group-is-layout-e2a7c072 wp-block-group-is-layout-constrained\" style=\"padding-top:var(--wp--preset--spacing--60)\">\n<h3 class=\"wp-block-heading alignfull has-text-align-center\" style=\"padding-bottom:var(--wp--preset--spacing--30)\">Kontakt<\/h3>\n\n\n\n<div class=\"forminator-guttenberg\"><form id=\"forminator-module-261\" class=\"forminator-custom-form forminator-custom-form-261\" method=\"post\" data-forminator-render=\"0\" data-uid=\"6a09720f8ef77\" action=\"\"><div role=\"alert\" aria-live=\"polite\" class=\"forminator-response-message forminator-error\" aria-hidden=\"true\"><\/div><input type=\"hidden\" name=\"trp-form-language\" value=\"de\"\/><\/form><\/div>\n<\/section>\n<\/div>","protected":false},"excerpt":{"rendered":"<p>Overview Content Creation<\/p>","protected":false},"author":1,"featured_media":0,"parent":0,"menu_order":0,"comment_status":"closed","ping_status":"closed","template":"","meta":{"inline_featured_image":false,"_uag_custom_page_level_css":"","footnotes":""},"class_list":["post-997","page","type-page","status-publish","hentry"],"uagb_featured_image_src":{"full":false,"thumbnail":false,"medium":false,"medium_large":false,"large":false,"1536x1536":false,"2048x2048":false,"trp-custom-language-flag":false},"uagb_author_info":{"display_name":"rcookie","author_link":"https:\/\/www.rynecook.com\/de\/author\/rcookie\/"},"uagb_comment_info":0,"uagb_excerpt":"Overview Content Creation","_links":{"self":[{"href":"https:\/\/www.rynecook.com\/de\/wp-json\/wp\/v2\/pages\/997","targetHints":{"allow":["GET"]}}],"collection":[{"href":"https:\/\/www.rynecook.com\/de\/wp-json\/wp\/v2\/pages"}],"about":[{"href":"https:\/\/www.rynecook.com\/de\/wp-json\/wp\/v2\/types\/page"}],"author":[{"embeddable":true,"href":"https:\/\/www.rynecook.com\/de\/wp-json\/wp\/v2\/users\/1"}],"replies":[{"embeddable":true,"href":"https:\/\/www.rynecook.com\/de\/wp-json\/wp\/v2\/comments?post=997"}],"version-history":[{"count":0,"href":"https:\/\/www.rynecook.com\/de\/wp-json\/wp\/v2\/pages\/997\/revisions"}],"wp:attachment":[{"href":"https:\/\/www.rynecook.com\/de\/wp-json\/wp\/v2\/media?parent=997"}],"curies":[{"name":"wp","href":"https:\/\/api.w.org\/{rel}","templated":true}]}}