{"id":3,"date":"2023-05-30T10:20:58","date_gmt":"2023-05-30T08:20:58","guid":{"rendered":"http:\/\/rynecook.com\/?page_id=3"},"modified":"2023-08-07T13:57:10","modified_gmt":"2023-08-07T13:57:10","slug":"data-privacy","status":"publish","type":"page","link":"https:\/\/www.rynecook.com\/de\/data-privacy\/","title":{"rendered":"Datenschutz"},"content":{"rendered":"<div class=\"wp-block-group has-global-padding is-layout-constrained wp-block-group-is-layout-constrained\">\n<h2 class=\"wp-block-heading\">Datenschutz<\/h2>\n\n\n\n<p>Die Website \"www.rynecook.com\", im Folgenden als \"unsere Website\", \"die Website\", \"diese Website\" oder eine Abwandlung davon bezeichnet, kann ohne Angabe pers\u00f6nlicher Daten genutzt werden. F\u00fcr bestimmte Dienste auf unserer Website k\u00f6nnen jedoch andere Regeln gelten, die im Folgenden gesondert erl\u00e4utert werden. Die Betreiber, nachfolgend \"wir\" genannt, erheben personenbezogene Daten von Ihnen (z.B. Name, Anschrift, E-Mail-Adresse, Telefonnummer etc.) gem\u00e4\u00df den Bestimmungen des deutschen Datenschutzrechts. Informationen gelten als personenbezogen, wenn sie ausschlie\u00dflich einer bestimmten nat\u00fcrlichen Person zugeordnet werden k\u00f6nnen. Die rechtlichen Rahmenbedingungen f\u00fcr den Datenschutz finden sich im Bundesdatenschutzgesetz (BDSG) und im Telemediengesetz (TMG). Die nachfolgenden Vorschriften informieren Sie \u00fcber Art, Umfang und Zweck der Erhebung, Nutzung und Verarbeitung personenbezogener Daten durch den Anbieter.<\/p>\n\n\n\n<p><strong>Inhaber<\/strong><br>Ryne Cook<br>Weinbergstra\u00dfe 17<br>56332 Dieblich<br>Deutschland<\/p>\n\n\n\n<p><strong>E-Mail: <\/strong>hello@rynecook.com<strong><br>Tel.: <\/strong>+49 (0) 160 91521791<\/p>\n\n\n\n<p>Wir weisen darauf hin, dass die Daten\u00fcbertragung im Internet Sicherheitsl\u00fccken aufweisen kann und daher ein l\u00fcckenloser Schutz der \u00fcbertragenen Daten vor dem Zugriff durch Dritte nicht gew\u00e4hrleistet ist.<\/p>\n\n\n\n<h3 class=\"wp-block-heading\">Cookies<\/h3>\n\n\n\n<p>Unsere Website verwendet so genannte Cookies, um eine wiederholte Nutzung unserer Website durch denselben Nutzer\/Internetanschlussinhaber erkennen zu k\u00f6nnen. Cookies sind kleine Textdateien, die Ihr Internet-Browser herunterl\u00e4dt und auf Ihrem Computer speichert. Sie dienen dazu, unsere Website und Dienste zu verbessern. In den meisten F\u00e4llen handelt es sich um so genannte \"Session-Cookies\", die gel\u00f6scht werden, sobald Sie unsere Website verlassen.<\/p>\n\n\n\n<p>In gewissem Umfang geben diese Cookies jedoch auch Informationen weiter, die dazu dienen, Sie automatisch wiederzuerkennen. Die Wiedererkennung erfolgt \u00fcber eine in den Cookies gespeicherte IP-Adresse. Die so gewonnenen Informationen werden verwendet, um unsere Dienste zu verbessern und Ihren Zugang zur Website zu beschleunigen.<\/p>\n\n\n\n<p>Sie k\u00f6nnen die Installation der Cookies durch eine entsprechende Einstellung Ihrer Browser Software verhindern. Sie sollten sich jedoch dar\u00fcber im Klaren sein, dass Sie dann m\u00f6glicherweise nicht alle Funktionen unserer Website in vollem Umfang nutzen k\u00f6nnen.<\/p>\n\n\n\n<h3 class=\"wp-block-heading\">Serverdaten<\/h3>\n\n\n\n<p>Aus technischen Gr\u00fcnden werden u.a. folgende Daten, die Ihr Internet-Browser an uns bzw. an unseren Webspace-Provider \u00fcbermittelt (sog. Server-Logfiles), erhoben:<\/p>\n\n\n\n<ul class=\"wp-block-list\">\n<li>Typ und Version des von Ihnen verwendeten Browsers<\/li>\n\n\n\n<li>Betriebssystem<\/li>\n\n\n\n<li>Websites, die Sie mit unserer Website verlinkt haben (Referrer URL)<\/li>\n\n\n\n<li>Websites, die Sie besuchen<\/li>\n\n\n\n<li>Datum und Uhrzeit Ihres Besuchs<\/li>\n\n\n\n<li>Ihre Internetprotokoll (IP)-Adresse.<\/li>\n<\/ul>\n\n\n\n<p>Diese anonymen Daten werden getrennt von Ihren eventuell angegebenen personenbezogenen Daten gespeichert, so dass eine Zuordnung zu einer bestimmten Person nicht m\u00f6glich ist. Die Daten werden zu statistischen Zwecken verwendet, um unsere Website und Dienstleistungen zu verbessern.<\/p>\n\n\n\n<h3 class=\"wp-block-heading\">Kontaktaufnahme<\/h3>\n\n\n\n<p>Auf unserer Website bieten wir Ihnen die M\u00f6glichkeit, mit uns in Kontakt zu treten, entweder per E-Mail und\/oder \u00fcber ein Kontaktformular. In diesem Fall werden die vom Nutzer angegebenen Daten zum Zweck der Erleichterung der Kommunikation mit dem Nutzer gespeichert. Es werden keine Daten an Dritte weitergegeben. Es erfolgt auch kein Abgleich dieser Daten mit Daten, die von anderen Komponenten unserer Website erfasst werden.<\/p>\n\n\n\n<h3 class=\"wp-block-heading\">Informationen zur Datenverarbeitung<\/h3>\n\n\n\n<p>Ihre bei der Nutzung unserer Website verarbeiteten Daten werden gel\u00f6scht oder gesperrt, sobald der Zweck der Speicherung entf\u00e4llt, sofern der L\u00f6schung keine gesetzlichen Aufbewahrungspflichten entgegenstehen oder nachfolgend nichts anderes bestimmt ist.<\/p>\n\n\n\n<h3 class=\"wp-block-heading\">Verwendung von Google Analytics mit Anonymisierung<\/h3>\n\n\n\n<p>Unsere Website benutzt Google Analytics, einen Webanalysedienst der Google Inc. 1600 Amphitheatre Parkway, Mountain View, CA 94043 USA, im Folgenden \"Google\" genannt. Google Analytics verwendet sog. \"Cookies\", Textdateien, die auf Ihrem Computer gespeichert werden und die eine Analyse der Benutzung der Website durch Sie erm\u00f6glichen.<\/p>\n\n\n\n<p>Die von diesen Cookies erzeugten Informationen, wie Zeit, Ort und H\u00e4ufigkeit Ihrer Besuche auf unserer Website, einschlie\u00dflich Ihrer IP-Adresse, werden an den Google-Standort in den USA \u00fcbertragen und dort gespeichert.<\/p>\n\n\n\n<p>Wir verwenden auf unserer Website Google Analytics mit einer IP-Anonymisierungsfunktion. Dabei wird Ihre IP-Adresse von Google gek\u00fcrzt und damit anonymisiert, bevor sie aus Mitgliedstaaten der Europ\u00e4ischen Union oder Vertragsstaaten des Abkommens \u00fcber den Europ\u00e4ischen Wirtschaftsraum \u00fcbertragen wird.<\/p>\n\n\n\n<p>Google wird diese Informationen benutzen, um Ihre Nutzung unserer Website auszuwerten, um Reports \u00fcber die Websiteaktivit\u00e4ten f\u00fcr uns zusammenzustellen und um weitere mit der Websitenutzung und der Internetnutzung verbundene Dienstleistungen zu erbringen. Auch wird Google diese Informationen gegebenenfalls an Dritte \u00fcbertragen, sofern dies gesetzlich vorgeschrieben ist oder soweit Dritte diese Daten im Auftrag von Google verarbeiten.<\/p>\n\n\n\n<p>Google erkl\u00e4rt, dass es Ihre IP-Adresse niemals mit anderen Daten von Google in Verbindung bringen wird. Sie k\u00f6nnen die Installation der Cookies durch eine entsprechende Einstellung Ihrer Browser Software verhindern. Wir weisen Sie jedoch darauf hin, dass Sie in diesem Fall gegebenenfalls nicht s\u00e4mtliche Funktionen unserer Website vollumf\u00e4nglich werden nutzen k\u00f6nnen.<\/p>\n\n\n\n<p>Google bietet auch eine Deaktivierungsoption f\u00fcr die g\u00e4ngigsten Browser an, so dass Sie eine gr\u00f6\u00dfere Kontrolle \u00fcber die von Google erfassten und verarbeiteten Daten haben. Wenn Sie diese Option aktivieren, werden keine Informationen \u00fcber Ihren Website-Besuch an Google Analytics \u00fcbermittelt. Die Aktivierung verhindert jedoch nicht die \u00dcbermittlung von Informationen an uns oder an andere Webanalysedienste, die wir m\u00f6glicherweise nutzen. Weitere Informationen \u00fcber die von Google angebotene Deaktivierungsoption und wie Sie diese Option aktivieren k\u00f6nnen, finden Sie unter <a rel=\"noreferrer noopener\" href=\"https:\/\/tools.google.com\/dlpage\/gaoptout?hl=de\" target=\"_blank\">https:\/\/tools.google.com\/dlpage\/gaoptout?hl=de<\/a><\/p>\n\n\n\n<h3 class=\"wp-block-heading\">Verwendung von reCAPTCHA<\/h3>\n\n\n\n<p>Um Eingabeformulare auf unserer Seite zu sch\u00fctzen, verwenden wir den Dienst \"reCAPTCHA\" der Google Inc. 1600 Amphitheatre Parkway, Mountain View, CA 94043 USA, nachfolgend \"Google\". Mit Hilfe dieses Dienstes kann unterschieden werden, ob die entsprechende Eingabe menschlichen Ursprungs ist oder durch automatisierte maschinelle Verarbeitung missbr\u00e4uchlich erstellt wurde.<\/p>\n\n\n\n<p>Nach unserer Kenntnis werden die Referrer-URL, die IP-Adresse, das Verhalten der Website-Besucher, Informationen \u00fcber Betriebssystem, Browser und Verweildauer, Cookies, Anzeigeanweisungen und Skripte, das Eingabeverhalten der Nutzer und Mausbewegungen in der \"reCAPTCHA\"-Checkbox an \"Google\" \u00fcbermittelt.<\/p>\n\n\n\n<p>Google nutzt die gewonnenen Informationen unter anderem zur Digitalisierung von B\u00fcchern und anderen Druckerzeugnissen sowie zur Optimierung von Diensten wie Google Street View und Google Maps (z. B. Erkennung von Hausnummern und Stra\u00dfennamen).<\/p>\n\n\n\n<p>Die im Rahmen von \"reCAPTCHA\" \u00fcbermittelte IP-Adresse wird nicht mit anderen Daten von Google zusammengef\u00fchrt, es sei denn, Sie sind zum Zeitpunkt der Nutzung des \"reCAPTCHA\"-Plugins in Ihrem Google-Konto eingeloggt. Wenn Sie diese \u00dcbertragung und Speicherung von Daten \u00fcber Sie und Ihr Verhalten auf unserer Website durch \"Google\" verhindern wollen, m\u00fcssen Sie sich vor Ihrem Besuch unserer Website oder vor der Nutzung des \"reCAPTCHA\"-Plugins bei \"Google\" ausloggen.<\/p>\n\n\n\n<p>Die Nutzung des \"reCAPTCHA\"-Dienstes entspricht den Google-Nutzungsbedingungen:<\/p>\n\n\n\n<p><a href=\"https:\/\/www.google.com\/intl\/de\/policies\/privacy\/.\">https:\/\/www.google.com\/intl\/de\/policies\/privacy\/.<\/a><\/p>\n\n\n\n<h3 class=\"wp-block-heading\">Verwendung von YouTube-Komponenten mit erweitertem Datenschutzmodus<\/h3>\n\n\n\n<p>Auf unserer Website verwenden wir Komponenten (Videos) von YouTube, LLC 901 Cherry Ave. 94066 San Bruno, CA, USA, einem Unternehmen der Google Inc. mit Sitz in Amphitheatre Parkway, Mountain View, CA 94043, USA.<\/p>\n\n\n\n<p>Zu diesem Zweck verwenden wir die von YouTube angebotene Option \" - erweiterter Datenschutzmodus - \".<\/p>\n\n\n\n<p>Wenn Sie eine Seite aufrufen, die ein eingebettetes Video enth\u00e4lt, wird eine Verbindung zum YouTube-Server hergestellt, und der Inhalt wird \u00fcber eine Mitteilung an Ihren Browser auf der Website angezeigt.<\/p>\n\n\n\n<p>Nach den Angaben von YouTube werden im \" - erweiterten Datenschutzmodus -\" nur dann Daten an den YouTube-Server \u00fcbertragen, insbesondere welche unserer Webseiten Sie besucht haben, wenn Sie das Video ansehen. Wenn Sie gleichzeitig bei YouTube eingeloggt sind, werden diese Informationen Ihrem YouTube-Mitgliedskonto zugeordnet. Sie k\u00f6nnen dies verhindern, indem Sie sich vor dem Besuch unserer Website aus Ihrem Mitgliedskonto ausloggen.<\/p>\n\n\n\n<p>Weitere Informationen zum Datenschutz bei YouTube werden von Google unter folgendem Link bereitgestellt:<\/p>\n\n\n\n<p><a href=\"https:\/\/www.google.de\/intl\/de\/policies\/privacy\/\">https:\/\/www.google.de\/intl\/de\/policies\/privacy\/<\/a><\/p>\n\n\n\n<h3 class=\"wp-block-heading\">Verwendung von Jetpack mit wordpress.com-Statistiken<\/h3>\n\n\n\n<p>Unsere Website verwendet die Jetpack-App von Automattic Inc. 132 Hawthorne Street, San Francisco, CA 94107, Vereinigte Staaten von Amerika, mit Technologie von Quantcast Corp. 201 Third Street, 2nd Floor, San Francisco, CA 94103, Vereinigte Staaten von Amerika. Mit Hilfe von Cookies werden Daten \u00fcber jeden Zugriff auf unsere Website erfasst und in den Vereinigten Staaten gespeichert, um Webanalysen durchzuf\u00fchren. Bei Cookies handelt es sich um kleine Textdateien, die lokal im Zwischenspeicher des Internet-Browsers des Seitenbesuchers gespeichert werden, so dass der Browser bei einem erneuten Besuch der Seite wiedererkannt werden kann. Die IP-Adresse wird in diesem Fall sofort anonymisiert, bevor sie gespeichert wird. Sie k\u00f6nnen die Installation der Cookies durch eine entsprechende Einstellung Ihrer Browser Software verhindern; wir weisen Sie jedoch darauf hin, dass Sie in diesem Fall gegebenenfalls nicht s\u00e4mtliche Funktionen dieser Website voll umf\u00e4nglich nutzen k\u00f6nnen.<\/p>\n\n\n\n<p>Der Datenerhebung und -nutzung durch Jetpack kann mit Wirkung f\u00fcr die Zukunft widersprochen werden, indem Sie ein Opt-Out-Cookie f\u00fcr Ihren Browser setzen unter <a rel=\"noreferrer noopener\" href=\"http:\/\/www.quantcast.com\/opt-out\" target=\"_blank\">http:\/\/www.quantcast.com\/opt-out<\/a>. Sollten Sie alle Cookies in Ihrem Browser l\u00f6schen, m\u00fcssen Sie diesen Vorgang wiederholen.<\/p>\n\n\n\n<h3 class=\"wp-block-heading\">Nutzung von Google Ads (fr\u00fcher Google Adwords)<\/h3>\n\n\n\n<p>Unsere Website nutzt zu Werbezwecken auch das Google-Anzeigetool \"Google Ads\", fr\u00fcher bekannt als Google Adwords\". In diesem Zusammenhang setzt unsere Website den Analysedienst \"Conversion-Tracking\" der Google Inc. 1600 Amphitheatre Parkway, Mountain View, CA 94043 USA, im Folgenden \"Google\" genannt, ein. Wenn Sie \u00fcber eine Google-Anzeige auf unsere Seite gelangen, wird ein Cookie auf Ihrem Computer abgelegt. Cookies sind kleine Textdateien, die Ihr Internet-Browser herunterl\u00e4dt und auf Ihrem Computer speichert. Diese so genannten \"Conversion-Cookies\" sind nach 30 Tagen nicht mehr aktiv und werden nicht dazu verwendet, Sie pers\u00f6nlich zu identifizieren. Wenn Sie bestimmte Seiten unserer Website besuchen, w\u00e4hrend das Cookie noch aktiv ist, wissen wir und Google, dass Sie als Nutzer auf bei Google geschaltete Anzeigen geklickt haben und zu unserer Website weitergeleitet wurden.<br>Google verwendet die durch \"Conversion Cookies\" erhaltenen Informationen, um Statistiken f\u00fcr unsere Website zu erstellen. Diese Statistiken geben Aufschluss \u00fcber die Gesamtzahl der Nutzer, die auf unsere Anzeige geklickt haben, sowie dar\u00fcber, welche Seiten unserer Website anschlie\u00dfend von den einzelnen Nutzern aufgerufen wurden. Weder wir noch andere Inserenten, die \"Google-Adwords\" nutzen, erhalten jedoch Informationen, die zur pers\u00f6nlichen Identifizierung von Nutzern verwendet werden k\u00f6nnen.<br>Sie k\u00f6nnen die Installation der \"Conversion-Cookies\" durch eine entsprechende Einstellung Ihres Browsers verhindern, indem Sie z.B. das automatische Setzen von Cookies deaktivieren oder Cookies von der Domain \"googleadservices.com\" blockieren.<\/p>\n\n\n\n<p>Die entsprechenden Datenschutzbestimmungen von Google k\u00f6nnen Sie unter dem folgenden Link abrufen:<\/p>\n\n\n\n<p><a href=\"https:\/\/services.google.com\/sitestats\/de.html\">https:\/\/services.google.com\/sitestats\/de.html<\/a><\/p>\n\n\n\n<h3 class=\"wp-block-heading\">Google-Fonts<\/h3>\n\n\n\n<p>Auf unserer Website verwenden wir Google Fonts, um externe Schriftarten anzuzeigen. Dies ist ein Dienst von Google Ireland Limited, Gordon House, Barrow Street, Dublin 4, Irland, im Folgenden \"Google\" genannt.<\/p>\n\n\n\n<p>Um die Darstellung bestimmter Schriftarten auf unserer Website zu erm\u00f6glichen, wird beim Zugriff auf unsere Website eine Verbindung zum Google-Server in den USA hergestellt.<\/p>\n\n\n\n<p>Die Rechtsgrundlage ist Art. 6 Abs.. 1 lit. f) DSGVO. Unser berechtigtes Interesse liegt in der Optimierung und dem wirtschaftlichen Betrieb unserer Website.<\/p>\n\n\n\n<p>Durch die beim Aufruf unserer Website hergestellte Verbindung zu Google kann Google feststellen, von welcher Website Ihre Anfrage gesendet wurde und an welche IP-Adresse die Darstellung der Schrift zu \u00fcbermitteln ist.<\/p>\n\n\n\n<p>Weitere Informationen, insbesondere zu den M\u00f6glichkeiten, die Nutzung der Daten zu verhindern, bietet Google unter<\/p>\n\n\n\n<p><a href=\"https:\/\/adssettings.google.com\/authenticated\">https:\/\/adssettings.google.com\/authenticated<\/a><\/p>\n\n\n\n<p><a href=\"https:\/\/policies.google.com\/privacy\">https:\/\/policies.google.com\/privacy<\/a><\/p>\n\n\n\n<h3 class=\"wp-block-heading\">Verwendung von affilinet Tracking-Cookies<\/h3>\n\n\n\n<p>Unsere Website verwendet affilinet Tracking-Cookies, um Verk\u00e4ufe und\/oder Leads korrekt zu erfassen. Cookies sind kleine Textdateien, die auf Ihrem Computer gespeichert werden, wenn Sie eine Website besuchen. Diese affilinet Tracking-Cookies speichern keinerlei personenbezogene Daten. Stattdessen werden lediglich die Identifikationsnummer des Vermittlungspartners sowie die Referenznummer des Werbemittels, das vom Besucher der Website angeklickt wurde, erfasst. Diese Informationen werden ben\u00f6tigt, um den Zahlungsvorgang zwischen dem Websitebetreiber und dem Werbetreibenden abzuwickeln. Die Partner-Identifikationsnummer dient dazu, den Vermittlungspartner zu bezeichnen, an den nach Abschluss einer Transaktion eine Provision gezahlt werden soll.<br>Sie k\u00f6nnen die Installation der Cookies durch eine entsprechende Einstellung Ihrer Browser Software verhindern. Sie sollten sich jedoch dar\u00fcber im Klaren sein, dass Sie dann m\u00f6glicherweise nicht alle Funktionen unserer Website in vollem Umfang nutzen k\u00f6nnen.<\/p>\n\n\n\n<h3 class=\"wp-block-heading\">Information\/Stornierung\/L\u00f6schung<\/h3>\n\n\n\n<p>Auf der Grundlage des Bundesdatenschutzgesetzes k\u00f6nnen Sie sich unentgeltlich an uns wenden, wenn Sie Fragen zur Erhebung, Verarbeitung oder Nutzung Ihrer personenbezogenen Daten haben, deren Berichtigung, Sperrung oder L\u00f6schung verlangen oder eine erteilte Einwilligung widerrufen wollen. Bitte beachten Sie, dass Sie das Recht haben, unrichtige Daten berichtigen oder personenbezogene Daten l\u00f6schen zu lassen, soweit dem keine gesetzliche Aufbewahrungspflicht entgegensteht.<\/p>\n\n\n\n<p>Diese Hinweise sind auf einem <a href=\"https:\/\/www.ratgeberrecht.eu\/leistungen\/muster-datenschutzerklaerung.html\" target=\"_blank\" rel=\"noreferrer noopener\">Muster f\u00fcr eine Erkl\u00e4rung zum Datenschutz<\/a> basiert, welches von den <a href=\"https:\/\/www.ratgeberrecht.eu\/\" target=\"_blank\" rel=\"noreferrer noopener\">zur Verf\u00fcgung gestellt wurde.<\/a><\/p>\n<\/div>","protected":false},"excerpt":{"rendered":"<p>Data Privacy Policy The website &#8220;www.rynecook.com&#8221;, hereinafter referred to as &#8220;our website&#8221;, &#8220;the website&#8221;, &#8220;this website&#8221; or a variation thereof may be used without entering personal information. Different rules may apply to certain services on our site, however, and are explained separately below. The owners, hereinafter referred to as &#8220;we&#8221;, collect personal information from you [&hellip;]<\/p>","protected":false},"author":1,"featured_media":0,"parent":0,"menu_order":0,"comment_status":"closed","ping_status":"closed","template":"","meta":{"inline_featured_image":false,"_uag_custom_page_level_css":"","footnotes":""},"class_list":["post-3","page","type-page","status-publish","hentry"],"uagb_featured_image_src":{"full":false,"thumbnail":false,"medium":false,"medium_large":false,"large":false,"1536x1536":false,"2048x2048":false,"trp-custom-language-flag":false},"uagb_author_info":{"display_name":"rcookie","author_link":"https:\/\/www.rynecook.com\/de\/author\/rcookie\/"},"uagb_comment_info":0,"uagb_excerpt":"Data Privacy Policy The website &#8220;www.rynecook.com&#8221;, hereinafter referred to as &#8220;our website&#8221;, &#8220;the website&#8221;, &#8220;this website&#8221; or a variation thereof may be used without entering personal information. Different rules may apply to certain services on our site, however, and are explained separately below. The owners, hereinafter referred to as &#8220;we&#8221;, collect personal information from you&hellip;","_links":{"self":[{"href":"https:\/\/www.rynecook.com\/de\/wp-json\/wp\/v2\/pages\/3","targetHints":{"allow":["GET"]}}],"collection":[{"href":"https:\/\/www.rynecook.com\/de\/wp-json\/wp\/v2\/pages"}],"about":[{"href":"https:\/\/www.rynecook.com\/de\/wp-json\/wp\/v2\/types\/page"}],"author":[{"embeddable":true,"href":"https:\/\/www.rynecook.com\/de\/wp-json\/wp\/v2\/users\/1"}],"replies":[{"embeddable":true,"href":"https:\/\/www.rynecook.com\/de\/wp-json\/wp\/v2\/comments?post=3"}],"version-history":[{"count":0,"href":"https:\/\/www.rynecook.com\/de\/wp-json\/wp\/v2\/pages\/3\/revisions"}],"wp:attachment":[{"href":"https:\/\/www.rynecook.com\/de\/wp-json\/wp\/v2\/media?parent=3"}],"curies":[{"name":"wp","href":"https:\/\/api.w.org\/{rel}","templated":true}]}}